{"id":11,"date":"2017-01-07T17:05:01","date_gmt":"2017-01-07T16:05:01","guid":{"rendered":"http:\/\/ostsee-heilfasten.de\/?page_id=11"},"modified":"2017-01-09T08:58:02","modified_gmt":"2017-01-09T07:58:02","slug":"unsere-heilbehandlungen","status":"publish","type":"page","link":"https:\/\/ostsee-heilfasten.de\/index.php\/unsere-heilbehandlungen\/","title":{"rendered":"Unsere Heilbehandlungen"},"content":{"rendered":"<p><b>Unsere Heilbehandlungen<\/b><\/p>\n<p>Sie sind noch immer auf der Suche nach einer f\u00fcr Sie geeigneten Behandlungsmethode?<br \/>\nGern beraten wir Sie vor Ort oder auch telefonisch. Vielleicht k\u00f6nnen Sie bei einer Fu\u00dfreflexzonenbehandlung mal so richtig entspannen, oder lastet etwas auf Ihren Schultern? Dann w\u00e4re eine Massage oder manuelle Therapie eine geeignete Methode, um Stauungen oder Blockaden zu l\u00f6sen.<\/p>\n<p>Im Nachfolgenden sehen Sie die von uns preferierten und angebotenen Behandlungen.<\/p>\n<table id=\"wptable-2\" class=\"wptable rowstyle-alt\">\n<thead>\n<tr>\n<th class=\"sortable\" align=\"center\">Behandlung<\/th>\n<th class=\"sortable\" align=\"center\"><\/th>\n<th class=\"sortable\" align=\"center\">Dauer<\/th>\n<th class=\"sortable\" align=\"center\">Preis<\/th>\n<\/tr>\n<\/thead>\n<tbody>\n<tr>\n<td align=\"center\">Check up und Beratung<br \/>\nnaturheilkundlichen Behandlungsmethoden<\/td>\n<td align=\"center\"><\/td>\n<td><\/td>\n<td align=\"center\">45 Euro<\/td>\n<\/tr>\n<tr class=\"alt\">\n<td align=\"center\">Manuelle Therapie<\/td>\n<td><\/td>\n<td align=\"center\">30-45 Minuten<\/td>\n<td align=\"center\">35 Euro<\/td>\n<\/tr>\n<tr>\n<td align=\"center\">Schr\u00f6pfen\/ Schr\u00f6pfkopfmassage<\/td>\n<td><\/td>\n<td align=\"center\">20-30 Minuten<\/td>\n<td align=\"center\">25 Euro<\/td>\n<\/tr>\n<tr class=\"alt\">\n<td align=\"center\">Kombination Schr\u00f6pfen und Teilmassage<\/td>\n<td><\/td>\n<td align=\"center\">45-60 Minuten<\/td>\n<td align=\"center\">40 Euro<\/td>\n<\/tr>\n<tr>\n<td align=\"center\">Fu\u00dfreflexzonen- behandlung<\/td>\n<td><\/td>\n<td align=\"center\">50-60 Minuten<\/td>\n<td align=\"center\">40 Euro<\/td>\n<\/tr>\n<tr class=\"alt\">\n<td align=\"center\">Ohrakupunktur (Druckpunktpflaster)<\/td>\n<td><\/td>\n<td><\/td>\n<td align=\"center\">35 Euro<\/td>\n<\/tr>\n<tr>\n<td align=\"center\">Akupressur<\/td>\n<td><\/td>\n<td><\/td>\n<td align=\"center\">35 Euro<\/td>\n<\/tr>\n<tr class=\"alt\">\n<td align=\"center\">Ern\u00e4hrungsberatung<\/td>\n<td><\/td>\n<td><\/td>\n<td align=\"center\">ab 25 Euro<\/td>\n<\/tr>\n<tr>\n<td align=\"center\">Blutegeltherapie<\/td>\n<td><\/td>\n<td><\/td>\n<td align=\"center\">ab 35 Euro<\/td>\n<\/tr>\n<tr class=\"alt\">\n<td align=\"center\">Reiki Behandlung<\/td>\n<td><\/td>\n<td align=\"center\">ca. 60 Minuten<\/td>\n<td align=\"center\">45 Euro<\/td>\n<\/tr>\n<tr>\n<td align=\"center\">Beratung mit klassischer Hom\u00f6opartie<\/td>\n<td><\/td>\n<td align=\"center\">60 Minuten<\/td>\n<td align=\"center\">40 Euro<\/td>\n<\/tr>\n<\/tbody>\n<\/table>\n<p>Termine nach Vereinbarung! Tel.: 038293 6450<\/p>\n<p>Unser Behandlung-Tipp: Wohltuende Anwendungen mit der R\u00fcgener Heilkreide.<br \/>\nN\u00e4here Informationen an der Rezeption oder in der Heilpraxis!<\/p>\n<\/div>\n","protected":false},"excerpt":{"rendered":"<p>Unsere Heilbehandlungen Sie sind noch immer auf der Suche nach einer f\u00fcr Sie geeigneten Behandlungsmethode? Gern beraten wir Sie vor Ort oder auch telefonisch. Vielleicht k\u00f6nnen Sie bei einer Fu\u00dfreflexzonenbehandlung mal so richtig entspannen, oder lastet etwas auf Ihren Schultern? Dann w\u00e4re eine Massage oder manuelle Therapie eine geeignete Methode, um Stauungen oder Blockaden zu [&hellip;]<\/p>\n","protected":false},"author":1,"featured_media":0,"parent":0,"menu_order":4,"comment_status":"closed","ping_status":"closed","template":"","meta":{"footnotes":""},"aioseo_notices":[],"_links":{"self":[{"href":"https:\/\/ostsee-heilfasten.de\/index.php\/wp-json\/wp\/v2\/pages\/11"}],"collection":[{"href":"https:\/\/ostsee-heilfasten.de\/index.php\/wp-json\/wp\/v2\/pages"}],"about":[{"href":"https:\/\/ostsee-heilfasten.de\/index.php\/wp-json\/wp\/v2\/types\/page"}],"author":[{"embeddable":true,"href":"https:\/\/ostsee-heilfasten.de\/index.php\/wp-json\/wp\/v2\/users\/1"}],"replies":[{"embeddable":true,"href":"https:\/\/ostsee-heilfasten.de\/index.php\/wp-json\/wp\/v2\/comments?post=11"}],"version-history":[{"count":2,"href":"https:\/\/ostsee-heilfasten.de\/index.php\/wp-json\/wp\/v2\/pages\/11\/revisions"}],"predecessor-version":[{"id":52,"href":"https:\/\/ostsee-heilfasten.de\/index.php\/wp-json\/wp\/v2\/pages\/11\/revisions\/52"}],"wp:attachment":[{"href":"https:\/\/ostsee-heilfasten.de\/index.php\/wp-json\/wp\/v2\/media?parent=11"}],"curies":[{"name":"wp","href":"https:\/\/api.w.org\/{rel}","templated":true}]}}