{"id":7,"date":"2017-01-07T16:59:55","date_gmt":"2017-01-07T15:59:55","guid":{"rendered":"http:\/\/ostsee-heilfasten.de\/?page_id=7"},"modified":"2024-06-07T23:05:30","modified_gmt":"2024-06-07T21:05:30","slug":"heilfasten","status":"publish","type":"page","link":"https:\/\/ostsee-heilfasten.de\/","title":{"rendered":"Ostsee Heilfasten"},"content":{"rendered":"<p>Thema: Ostsee Heiflasten : Schon vor etwa 500 Jahren verwies der ber\u00fchmte, \u00fcber Land ziehende Arzt Paracelsus von Hohenheim auf die Selbstheilungskr\u00e4fte des K\u00f6rpers- auf den \u201cinneren Arzt\u201d. Ihn nannte er \u201cArchaeus\u201d.<\/p>\n<p><strong>Beim <a href=\"https:\/\/www.gutshof-bastorf.de\/heiltherapie-heilfasten\/\">Heilfasten<\/a>\u00a0<\/strong>lernt der Fastende wieder auf seinen \u201cinneren Arzt\u201d, auf die Zeichen seines K\u00f6rpers, zu h\u00f6ren. Und das ist gut. Denn in der Ruhe mit sich selbst und dem dosierten Zuf\u00fchren von Nahrung und Reizen liegt der Weg zu sich selbst. Und zu neuer Energie. Nicht nur deswegen wird oft vom Hochgef\u00fchl des Fastens berichtet.<\/p>\n<p><img loading=\"lazy\" decoding=\"async\" class=\"alignleft\" title=\"Heilfasten macht Spa\u00df\" src=\"http:\/\/web.archive.org\/web\/20160506063922im_\/http:\/\/www.ostsee-heilfasten.de\/wp-content\/vita-huckepack-klein.jpg\" alt=\"Ostsee Heilfasten\" width=\"223\" height=\"343\" \/><\/p>\n<p>Idealerweise wird\u00a0<strong>Fasten<\/strong>\u00a0als Gegenpol zum tagt\u00e4glichen Leben erlebt, und m\u00f6glichst\u00a0<strong>naturnah, in reiner, klarer Luft<\/strong>. Daher verbinden sich unsere Heilfasten-Angebote in optimaler Weise mit Land und Jahreszeit. Denn der erfahrene Faster wei\u00df: Spazierg\u00e4nge am Stand, das gem\u00e4\u00dfigte Reizklima der Ostsee und die entspannt-ruhige Landschaft des Ostseelandes in den k\u00e4lteren Monaten unterst\u00fctzen die k\u00f6rperliche und seelische Reingung in hervorragender Art und Weise.<\/p>\n<ul>\n<li><strong>Erleben Sie das Ostsee Heilfasten, denn klare Luft reinigt die Seele nachhaltig<br \/>\n<\/strong><\/li>\n<\/ul>\n<ul>\n<li><strong>Erleben Sie die Fastenangebote auf dem Gutshof Bastorf, denn hier Sie sind in guten H\u00e4nden<\/strong><\/li>\n<\/ul>\n<p>_____________________________________________________________<br \/>\nHistorisches:<br \/>\nWie alt das\u00a0<strong>Fasten als Heilverfahren<\/strong> ist, sieht man daran, da\u00df alle gro\u00dfen Religionen eine Fastenzeit im Jahresablauf verankert haben. Das Ziel einer Fastenbehandlung ist, das innere Gleichgewicht durch eine ganzheitliche Umstimmung zu erreichen. Ideal: Ostsee Heilfasten in den Fastenwochen<\/p>\n<p>\u00a9 Foto von Catherine Yeulet by istock<br \/>\n_____________________________________________________________<br \/>\nIst Heilfasten tats\u00e4chlich eine innere Reinigung?<\/p>\n<p>Ja, Heilfasten wird oft als eine Form der inneren Reinigung betrachtet. Es handelt sich dabei um eine kontrollierte und zeitlich begrenzte Nahrungsabstinenz, bei der der K\u00f6rper sich regenerieren und entgiften soll. Die gesundheitlichen und inneren Reinigungsprozesse, die durch Heilfasten gef\u00f6rdert werden, k\u00f6nnen in mehrere Bereiche unterteilt werden:<\/p>\n<ol>\n<li><strong>Entgiftung und Entschlackung<\/strong>:\n<ul>\n<li><strong>Abbau von Stoffwechselabfallprodukten<\/strong>: W\u00e4hrend des Fastens hat der K\u00f6rper die M\u00f6glichkeit, gespeicherte Stoffwechselabfallprodukte abzubauen und auszuscheiden.<\/li>\n<li><strong>Leber und Nieren<\/strong>: Diese Organe, die f\u00fcr die Entgiftung zust\u00e4ndig sind, k\u00f6nnen w\u00e4hrend des Fastens entlastet und gest\u00e4rkt werden.<\/li>\n<\/ul>\n<\/li>\n<li><strong>Regeneration des Verdauungssystems<\/strong>:\n<ul>\n<li><strong>Ruhepause f\u00fcr den Darm<\/strong>: Da keine feste Nahrung zugef\u00fchrt wird, kann der Darm eine Ruhepause einlegen, was zur Regeneration der Darmflora und zur Heilung von entz\u00fcndlichen Prozessen beitragen kann.<\/li>\n<li><strong>F\u00f6rderung der Autophagie<\/strong>: W\u00e4hrend des Fastens wird die Autophagie angeregt, ein nat\u00fcrlicher Prozess, bei dem der K\u00f6rper besch\u00e4digte Zellbestandteile abbaut und recycelt.<\/li>\n<\/ul>\n<\/li>\n<li><strong>Gewichtsabnahme und Stoffwechsel<\/strong>:\n<ul>\n<li><strong>Fettabbau<\/strong>: Der K\u00f6rper greift auf Fett-Reserven zur\u00fcck, um Energie zu gewinnen, was zur Gewichtsabnahme f\u00fchren kann.<\/li>\n<li><strong>Insulinsensitivit\u00e4t<\/strong>: Heilfasten kann die Insulin Ssensitivit\u00e4t verbessern und den Blutzuckerspiegel stabilisieren.<\/li>\n<\/ul>\n<\/li>\n<li><strong>Mentale und emotionale Reinigung<\/strong>:\n<ul>\n<li><strong>Klarheit und Fokus<\/strong>: Viele Menschen berichten von verbesserter mentaler Klarheit und Konzentration w\u00e4hrend des Fastens. Gerade Ostsee Heilfasten leistet dazu eine gesunde Basis,<\/li>\n<li><strong>Emotionale Balance<\/strong>: Fasten kann helfen, emotionale Blockaden zu l\u00f6sen und ein Gef\u00fchl der inneren Ruhe und Ausgeglichenheit zu f\u00f6rdern.<\/li>\n<\/ul>\n<\/li>\n<li><strong>St\u00e4rkung des Immunsystems<\/strong>:\n<ul>\n<li><strong>Zellul\u00e4re Regeneration<\/strong>: Fasten kann die Produktion neuer Immunzellen anregen und das Immunsystem st\u00e4rken.<\/li>\n<li><strong>Reduktion von Entz\u00fcndungen<\/strong>: Heilfasten kann entz\u00fcndungshemmende Effekte haben und chronische Entz\u00fcndungen reduzieren.<\/li>\n<\/ul>\n<\/li>\n<li><strong>Hormonelle Balance<\/strong>:\n<ul>\n<li><strong>Hormonregulierung<\/strong>: Fasten kann die Hormonproduktion und -regulierung beeinflussen, insbesondere durch die Verringerung von Stresshormonen wie Cortisol.<\/li>\n<\/ul>\n<\/li>\n<\/ol>\n<p>Es ist jedoch wichtig zu beachten, dass Heilfasten nicht f\u00fcr jeden geeignet ist und medizinisch \u00fcberwacht werden sollte, besonders bei bestehenden gesundheitlichen Problemen oder Vorerkrankungen. Menschen, die Heilfasten in Betracht ziehen, sollten dies idealerweise die <a href=\"https:\/\/ostsee-heilfasten.de\/index.php\/anleitung-zum-fasten\/\">Anleitung zum Fasten<\/a> eines erfahrenen Arztes oder Heilpraktikers oder Heilpraktikerin ber\u00fccksichtigen, um sicherzustellen, dass es sicher und effektiv durchgef\u00fchrt wird.<\/p>\n","protected":false},"excerpt":{"rendered":"<p>Thema: Ostsee Heiflasten : Schon vor etwa 500 Jahren verwies der ber\u00fchmte, \u00fcber Land ziehende Arzt Paracelsus von Hohenheim auf die Selbstheilungskr\u00e4fte des K\u00f6rpers- auf den \u201cinneren Arzt\u201d. Ihn nannte er \u201cArchaeus\u201d. Beim Heilfasten\u00a0lernt der Fastende wieder auf seinen \u201cinneren Arzt\u201d, auf die Zeichen seines K\u00f6rpers, zu h\u00f6ren. Und das ist gut. Denn in der [&hellip;]<\/p>\n","protected":false},"author":1,"featured_media":0,"parent":0,"menu_order":1,"comment_status":"closed","ping_status":"closed","template":"","meta":{"footnotes":""},"aioseo_notices":[],"_links":{"self":[{"href":"https:\/\/ostsee-heilfasten.de\/index.php\/wp-json\/wp\/v2\/pages\/7"}],"collection":[{"href":"https:\/\/ostsee-heilfasten.de\/index.php\/wp-json\/wp\/v2\/pages"}],"about":[{"href":"https:\/\/ostsee-heilfasten.de\/index.php\/wp-json\/wp\/v2\/types\/page"}],"author":[{"embeddable":true,"href":"https:\/\/ostsee-heilfasten.de\/index.php\/wp-json\/wp\/v2\/users\/1"}],"replies":[{"embeddable":true,"href":"https:\/\/ostsee-heilfasten.de\/index.php\/wp-json\/wp\/v2\/comments?post=7"}],"version-history":[{"count":8,"href":"https:\/\/ostsee-heilfasten.de\/index.php\/wp-json\/wp\/v2\/pages\/7\/revisions"}],"predecessor-version":[{"id":81,"href":"https:\/\/ostsee-heilfasten.de\/index.php\/wp-json\/wp\/v2\/pages\/7\/revisions\/81"}],"wp:attachment":[{"href":"https:\/\/ostsee-heilfasten.de\/index.php\/wp-json\/wp\/v2\/media?parent=7"}],"curies":[{"name":"wp","href":"https:\/\/api.w.org\/{rel}","templated":true}]}}