{"id":9,"date":"2017-01-07T17:01:18","date_gmt":"2017-01-07T16:01:18","guid":{"rendered":"http:\/\/ostsee-heilfasten.de\/?page_id=9"},"modified":"2019-01-18T11:23:48","modified_gmt":"2019-01-18T10:23:48","slug":"anleitung-zum-fasten","status":"publish","type":"page","link":"https:\/\/ostsee-heilfasten.de\/index.php\/anleitung-zum-fasten\/","title":{"rendered":"Anleitung zum Fasten"},"content":{"rendered":"<p><b>Anleitung und Regeln f\u00fcr das Fasten<\/b><\/p>\n<p>Achtung: dieses ist ein grober \u00dcberblick \u2013 kein Fahrplan, welcher bei jedem Fastenden gleich bleibt. Wir \u00fcbernehmen keine Garantie f\u00fcr Wirksamkeit oder Richtigkeit der nachfolgenden Angaben. Wir weisen darauf hin, da\u00df in jedem Fall vor Fastenantritt ein Arzt zu konsultieren ist.<\/p>\n<p><strong>1.\u00a0<\/strong><strong>Entlastungstage<\/strong><br \/>\nDem Fasten vorgelagert sollten stets ein oder zwei Entlastungstage sein.<\/p>\n<ul>\n<li>Verzicht auf Genussmittel und tierische Produkte<\/li>\n<li>Stattdessen kleine vegetarische Mahlzeiten und 2-3 l Tee\/Wasser<\/li>\n<li>Ma\u00dfnahmen, die die Hautdurchblutung f\u00f6rdern und Bewegung an frischer Luft, Entspannungs\u00fcbungen<\/li>\n<\/ul>\n<p><strong>2. Reinigung<\/strong><br \/>\nDarmreinigung zur Vermeidung von Kopfschmerzen und Hungergef\u00fchl:<\/p>\n<ul>\n<li>Zwei Essl\u00f6ffel Glaubersalz auf 250 ml lauwarmes Wasser; Glaubersalz kann noch am 2. und 3. Tag wiederholt werden wenn unbefriedigende Wirkung<\/li>\n<li>Einlauf mit 1-2 Litern k\u00f6rperwarmem Wasser; Einl\u00e4ufe sollten 1-2 tgl. \u00fcber die gesamte Fastenzeit durchgef\u00fchrt werden<\/li>\n<\/ul>\n<p><strong>3. Trinken:<\/strong><br \/>\nnehmen Sie t\u00e4glich mindestens drei Liter Fl\u00fcssigkeit zu sich in Form von:<\/p>\n<ul>\n<li>Fastenbr\u00fche mit Hefeflocken ( im Restaurant, 17-18 Uhr bzw. nach Absprache)<\/li>\n<li>Tee\/ stillesWasser<\/li>\n<li>250ml Saft<\/li>\n<\/ul>\n<p><strong>4. Entschlackung<\/strong><br \/>\nunterst\u00fctzende T\u00e4tigkeiten zur Anregung des Stoffwechsels und besseren Entschlackung:<\/p>\n<ul>\n<li>Leberwickel<\/li>\n<li>Saunag\u00e4nge<\/li>\n<li>Spazierg\u00e4nge\/ Sportkurse<\/li>\n<\/ul>\n<p>Die Entgiftungsorgane Lunge, Leber, Haut, Darm und Niere werden damit angeregt<\/p>\n<p><strong>5. Fastenkrisen<\/strong><br \/>\nFastenkrisen als Ausdruck der Umstellung und Reinigung sind selten, k\u00f6nnen aber auftreten in Form von:<\/p>\n<ul>\n<li>Kopfschmerzen<\/li>\n<li>Hungergef\u00fchle<\/li>\n<li>M\u00fcdigkeit<\/li>\n<li>signifikanter K\u00f6rper- und Mundgeruch<\/li>\n<\/ul>\n<p>Die Erfahrungen zeigen, dass diese Beschwerden vor\u00fcbergehender Natur sind und durch einfache Ma\u00dfnahmen schnell \u00fcberwunden werden k\u00f6nnen. Die Ma\u00dfnahmen werden in Absprache mit der Heilpraxis bestimmt.<\/p>\n<ul>\n<li>Trinkmenge erh\u00f6hen (Tee oder Wasser)<\/li>\n<li>Bewegung an der frischen Luft (daher auch fastenwandern, Nordic-walking, Spazierg\u00e4nge am Strand)<\/li>\n<li>Darmsp\u00fclungen (siehe: Klistier)<\/li>\n<\/ul>\n<p><strong>6. Autosuggestion<\/strong><\/p>\n<p>Befreien Sie sich gedanklich von verlockenden Essensvorstellungen, denn Fasten f\u00e4ngt im Kopf an!<\/p>\n<p>Heilfasten in einer eigenen\u00a0<a href=\"http:\/\/wutschik.de\/\" target=\"_blank\">Ostsee Immobilie<\/a>? Kein Problem, denn unsere Heilfasten Angebote k\u00f6nnen Sie auch als ambulanten Therapie nutzen. Sprechen Sie uns an unter Tel.: 038293 6450<\/p>\n<\/div>\n","protected":false},"excerpt":{"rendered":"<p>Anleitung und Regeln f\u00fcr das Fasten Achtung: dieses ist ein grober \u00dcberblick \u2013 kein Fahrplan, welcher bei jedem Fastenden gleich bleibt. Wir \u00fcbernehmen keine Garantie f\u00fcr Wirksamkeit oder Richtigkeit der nachfolgenden Angaben. Wir weisen darauf hin, da\u00df in jedem Fall vor Fastenantritt ein Arzt zu konsultieren ist. 1.\u00a0Entlastungstage Dem Fasten vorgelagert sollten stets ein oder [&hellip;]<\/p>\n","protected":false},"author":1,"featured_media":0,"parent":0,"menu_order":2,"comment_status":"closed","ping_status":"closed","template":"","meta":{"footnotes":""},"aioseo_notices":[],"_links":{"self":[{"href":"https:\/\/ostsee-heilfasten.de\/index.php\/wp-json\/wp\/v2\/pages\/9"}],"collection":[{"href":"https:\/\/ostsee-heilfasten.de\/index.php\/wp-json\/wp\/v2\/pages"}],"about":[{"href":"https:\/\/ostsee-heilfasten.de\/index.php\/wp-json\/wp\/v2\/types\/page"}],"author":[{"embeddable":true,"href":"https:\/\/ostsee-heilfasten.de\/index.php\/wp-json\/wp\/v2\/users\/1"}],"replies":[{"embeddable":true,"href":"https:\/\/ostsee-heilfasten.de\/index.php\/wp-json\/wp\/v2\/comments?post=9"}],"version-history":[{"count":4,"href":"https:\/\/ostsee-heilfasten.de\/index.php\/wp-json\/wp\/v2\/pages\/9\/revisions"}],"predecessor-version":[{"id":64,"href":"https:\/\/ostsee-heilfasten.de\/index.php\/wp-json\/wp\/v2\/pages\/9\/revisions\/64"}],"wp:attachment":[{"href":"https:\/\/ostsee-heilfasten.de\/index.php\/wp-json\/wp\/v2\/media?parent=9"}],"curies":[{"name":"wp","href":"https:\/\/api.w.org\/{rel}","templated":true}]}}